{"id":2,"date":"2019-03-25T06:56:37","date_gmt":"2019-03-25T06:56:37","guid":{"rendered":"http:\/\/nk-lor.com\/de\/?page_id=2"},"modified":"2019-04-04T20:06:07","modified_gmt":"2019-04-04T20:06:07","slug":"sample-page","status":"publish","type":"page","link":"https:\/\/www.nk-lor.com\/de\/","title":{"rendered":"Anfang"},"content":{"rendered":"\n<div class=\"wp-block-columns has-2-columns is-layout-flex wp-container-core-columns-layout-1 wp-block-columns-is-layout-flex\">\n<div class=\"wp-block-column is-layout-flow wp-block-column-is-layout-flow\">\n<h2 class=\"wp-block-heading\" style=\"text-align:center\">Nikola Kne\u017eevi\u0107 LOR *<\/h2>\n<\/div>\n\n\n\n<div class=\"wp-block-column is-layout-flow wp-block-column-is-layout-flow\"><\/div>\n<\/div>\n\n\n\n<div class=\"wp-block-columns has-2-columns is-layout-flex wp-container-core-columns-layout-2 wp-block-columns-is-layout-flex\">\n<div class=\"wp-block-column is-layout-flow wp-block-column-is-layout-flow\">\n<div class=\"wp-block-image\"><figure class=\"aligncenter\"><figure><img decoding=\"async\" src=\"https:\/\/nk-lor.com\/wp-content\/uploads\/2019\/03\/NK_foto-202x300.jpg\" alt=\"\" class=\"wp-image-12\"><\/figure><figcaption style=\"color:#ffffff; font-family:inconsolata; font-size:14px\">03.12.1934 \u2013 08.08.2017.<\/figcaption><\/figure><\/div>\n<\/div>\n\n\n\n<div class=\"wp-block-column is-layout-flow wp-block-column-is-layout-flow\">\n<p>Nikola Kne\u017eevi\u0107, mein Vater, war ein Maler.<\/p>\n\n\n\n<p>Das war nicht sein Beruf, sondern die Essenz seines Lebens.<\/p>\n\n\n\n<p>L\u2019art pour l\u2019art. <br><\/p>\n\n\n\n<p>Erlebt und \u00fcberlebt hat er die Kindheit ohne Vater, den Zweiten Weltkrieg, die hungrigen Nachkriegsjahre, den Zerfall Jugoslawiens.<\/p>\n\n\n\n<p>Wann und wie ein armes Bauernkind den Zauber der Malerei f\u00fcr sich&nbsp; entdeckte, kann ich leider nicht beantworten.<\/p>\n\n\n\n<p>Manche Fragen vergi\u00dft man in der Schnelligkeit des Lebens zu stellen. <\/p>\n<\/div>\n<\/div>\n\n\n\n<div class=\"wp-block-columns has-2-columns is-layout-flex wp-container-core-columns-layout-3 wp-block-columns-is-layout-flex\">\n<div class=\"wp-block-column is-layout-flow wp-block-column-is-layout-flow\">\n<p>Nikola Kne\u017eevi\u0107 verehrte&nbsp; die gro\u00dfen Meister der italienischen Renaissance, er liebte die leuchtenden Farben des Impressionismus und unruhige geometrische Formen des Kubismus, suchte aber stetig nach einem eigenen Stil.<\/p>\n\n\n\n<p>Er war kein Mitglied von K\u00fcnstlerverb\u00e4nden,&nbsp; an gro\u00dfen Ausstellungen nahm&nbsp; er nicht teil, ihm fehlte eine Verkn\u00fcpfung zu der Kunstkritik seiner Zeit. Selten jemand hat seine Werke sehen k\u00f6nnen.<\/p>\n\n\n\n<p>Sein Schaffen ist das Ergebnis der experimentellen, \u00e4sthetischen&nbsp; Forschung verschiedenster Kunststile, aber auch die Spiegelung emotionaler Zust\u00e4nde eines Menschen, der unerm\u00fcdlich nach zeitloser Sch\u00f6nheit suchte.<\/p>\n<\/div>\n\n\n\n<div class=\"wp-block-column is-layout-flow wp-block-column-is-layout-flow\">\n<div class=\"wp-block-image\"><figure class=\"aligncenter\"><img decoding=\"async\" src=\"https:\/\/nk-lor.com\/wp-content\/uploads\/2019\/03\/NK_crtez-248x300.jpg\" alt=\"\" class=\"wp-image-13\"><figcaption style=\"color:#ffffff; font-family:inconsolata; font-size:14px\">* LOR: das Pseudonym des K\u00fcnstlers <\/figcaption><\/figure><\/div>\n<\/div>\n<\/div>\n","protected":false},"excerpt":{"rendered":"<p>Nikola Kne\u017eevi\u0107 LOR * 03.12.1934 \u2013 08.08.2017. Nikola Kne\u017eevi\u0107, mein Vater, war ein Maler. Das war nicht sein Beruf, sondern die Essenz seines Lebens. L\u2019art pour l\u2019art. Erlebt und \u00fcberlebt hat er die Kindheit ohne Vater, den Zweiten Weltkrieg, die hungrigen Nachkriegsjahre, den Zerfall Jugoslawiens. Wann und wie ein armes Bauernkind den Zauber der Malerei [&hellip;]<\/p>\n","protected":false},"author":1,"featured_media":0,"parent":0,"menu_order":0,"comment_status":"closed","ping_status":"open","template":"","meta":{"footnotes":""},"_links":{"self":[{"href":"https:\/\/www.nk-lor.com\/de\/wp-json\/wp\/v2\/pages\/2"}],"collection":[{"href":"https:\/\/www.nk-lor.com\/de\/wp-json\/wp\/v2\/pages"}],"about":[{"href":"https:\/\/www.nk-lor.com\/de\/wp-json\/wp\/v2\/types\/page"}],"author":[{"embeddable":true,"href":"https:\/\/www.nk-lor.com\/de\/wp-json\/wp\/v2\/users\/1"}],"replies":[{"embeddable":true,"href":"https:\/\/www.nk-lor.com\/de\/wp-json\/wp\/v2\/comments?post=2"}],"version-history":[{"count":4,"href":"https:\/\/www.nk-lor.com\/de\/wp-json\/wp\/v2\/pages\/2\/revisions"}],"predecessor-version":[{"id":75,"href":"https:\/\/www.nk-lor.com\/de\/wp-json\/wp\/v2\/pages\/2\/revisions\/75"}],"wp:attachment":[{"href":"https:\/\/www.nk-lor.com\/de\/wp-json\/wp\/v2\/media?parent=2"}],"curies":[{"name":"wp","href":"https:\/\/api.w.org\/{rel}","templated":true}]}}