{"id":14,"date":"2019-03-27T20:30:00","date_gmt":"2019-03-27T20:30:00","guid":{"rendered":"http:\/\/nk-lor.com\/de\/?page_id=14"},"modified":"2019-04-04T20:06:17","modified_gmt":"2019-04-04T20:06:17","slug":"ende","status":"publish","type":"page","link":"https:\/\/www.nk-lor.com\/de\/ende\/","title":{"rendered":"Ende"},"content":{"rendered":"\n<p>Einmal kommt der Augenblick, wenn alle T\u00fcre geschlossen sind. Man steht vor einer Mauer, die nicht zu bew\u00e4ltigen ist. Es gibt kein Weiter. Ende.<\/p>\n\n\n\n<p>17. M\u00e4rz 2017<\/p>\n\n\n\n<p>Mein letztes Treffen mit dem Vater.<\/p>\n\n\n\n<p>Ich wei\u00df es, er ahnt.<\/p>\n\n\n\n<p>Er schenkt mir sein letztes Werk.&nbsp; Unvollendet,&nbsp; aber endg\u00fcltig.<\/p>\n\n\n\n<p>Ein sehr gut bekanntes Motiv, nur sind die Farbt\u00f6ne etwas dunkler als sonnst.<\/p>\n\n\n\n<p>Eine seltsame Wolke&nbsp; dominiert den Himmel.<\/p>\n\n\n\n<p>Das Selbstbildnis seiner Seele? Die Wolke als das Symbol eines Menschen,&nbsp; der nach den&nbsp; g\u00f6ttlichen H\u00f6hen strebt?<\/p>\n\n\n\n<figure class=\"wp-block-image\"><img decoding=\"async\" src=\"https:\/\/www.nk-lor.com\/wp-content\/uploads\/2019\/03\/ende.jpg\" alt=\"\" class=\"wp-image-236\"\/><\/figure>\n\n\n\n<p>Lieber Vater, wir sind einen langen Weg gemeinsam gegangen, die Zeit ist aber schnell verronnen.<\/p>\n\n\n\n<p>Die Welt, zu der wir geh\u00f6rten, gibt es nicht mehr.<\/p>\n\n\n\n<p>Als ob es sie nie gegeben h\u00e4tte.<\/p>\n\n\n\n<p>Und das Leben geht in einem verr\u00fcckten Rhythmus weiter.<\/p>\n\n\n\n<p>Die Menschen kommen auf die Welt, die Menschen verschwinden in der Zeit. Man verschwendet&nbsp; zu viel Zeit f\u00fcr unwichtige Dinge, die Natur wird zerst\u00f6rt, tagt\u00e4glich werden die Kriege gef\u00fchrt&#8230;<\/p>\n\n\n\n<p>Wo liegt der Sinn versteckt?<\/p>\n\n\n\n<p>Sich selbst verwirklichen trotz&nbsp; jeder Zeitgewalt,&nbsp; einen Baum pflanzen,&nbsp; eine Spur hinterlassen.<\/p>\n\n\n\n<p style=\"text-align:right\">Dejan Kne\u017eevi\u0107 <\/p>\n","protected":false},"excerpt":{"rendered":"<p>Einmal kommt der Augenblick, wenn alle T\u00fcre geschlossen sind. Man steht vor einer Mauer, die nicht zu bew\u00e4ltigen ist. Es gibt kein Weiter. Ende. 17. M\u00e4rz 2017 Mein letztes Treffen mit dem Vater. Ich wei\u00df es, er ahnt. Er schenkt mir sein letztes Werk.&nbsp; Unvollendet,&nbsp; aber endg\u00fcltig. Ein sehr gut bekanntes Motiv, nur sind die [&hellip;]<\/p>\n","protected":false},"author":1,"featured_media":0,"parent":0,"menu_order":0,"comment_status":"closed","ping_status":"closed","template":"","meta":{"footnotes":""},"_links":{"self":[{"href":"https:\/\/www.nk-lor.com\/de\/wp-json\/wp\/v2\/pages\/14"}],"collection":[{"href":"https:\/\/www.nk-lor.com\/de\/wp-json\/wp\/v2\/pages"}],"about":[{"href":"https:\/\/www.nk-lor.com\/de\/wp-json\/wp\/v2\/types\/page"}],"author":[{"embeddable":true,"href":"https:\/\/www.nk-lor.com\/de\/wp-json\/wp\/v2\/users\/1"}],"replies":[{"embeddable":true,"href":"https:\/\/www.nk-lor.com\/de\/wp-json\/wp\/v2\/comments?post=14"}],"version-history":[{"count":3,"href":"https:\/\/www.nk-lor.com\/de\/wp-json\/wp\/v2\/pages\/14\/revisions"}],"predecessor-version":[{"id":73,"href":"https:\/\/www.nk-lor.com\/de\/wp-json\/wp\/v2\/pages\/14\/revisions\/73"}],"wp:attachment":[{"href":"https:\/\/www.nk-lor.com\/de\/wp-json\/wp\/v2\/media?parent=14"}],"curies":[{"name":"wp","href":"https:\/\/api.w.org\/{rel}","templated":true}]}}